{"id":611,"date":"2022-06-02T11:12:39","date_gmt":"2022-06-02T11:12:39","guid":{"rendered":"https:\/\/mantis.nursing.unibas.ch\/publikationen\/"},"modified":"2025-05-21T10:46:45","modified_gmt":"2025-05-21T10:46:45","slug":"publikationen","status":"publish","type":"page","link":"https:\/\/mantis.nursing.unibas.ch\/de\/publikationen\/","title":{"rendered":"Publikationen"},"content":{"rendered":"\t\t<div data-elementor-type=\"wp-page\" data-elementor-id=\"611\" class=\"elementor elementor-611 elementor-91\" data-elementor-post-type=\"page\">\n\t\t\t\t\t\t<section class=\"elementor-section elementor-top-section elementor-element elementor-element-7253adbb elementor-section-boxed elementor-section-height-default elementor-section-height-default\" data-id=\"7253adbb\" data-element_type=\"section\" data-e-type=\"section\">\n\t\t\t\t\t\t<div class=\"elementor-container elementor-column-gap-default\">\n\t\t\t\t\t<div class=\"elementor-column elementor-col-100 elementor-top-column elementor-element elementor-element-758e685c\" data-id=\"758e685c\" data-element_type=\"column\" data-e-type=\"column\">\n\t\t\t<div class=\"elementor-widget-wrap elementor-element-populated\">\n\t\t\t\t\t\t<div class=\"elementor-element elementor-element-452a1caf elementor-widget elementor-widget-heading\" data-id=\"452a1caf\" data-element_type=\"widget\" data-e-type=\"widget\" data-widget_type=\"heading.default\">\n\t\t\t\t<div class=\"elementor-widget-container\">\n\t\t\t\t\t<h1 class=\"elementor-heading-title elementor-size-xl\">MaNtiS Publikationen<\/h1>\t\t\t\t<\/div>\n\t\t\t\t<\/div>\n\t\t\t\t\t<\/div>\n\t\t<\/div>\n\t\t\t\t\t<\/div>\n\t\t<\/section>\n\t\t\t\t<section class=\"elementor-section elementor-top-section elementor-element elementor-element-549b9ada elementor-section-boxed elementor-section-height-default elementor-section-height-default\" data-id=\"549b9ada\" data-element_type=\"section\" data-e-type=\"section\">\n\t\t\t\t\t\t<div class=\"elementor-container elementor-column-gap-default\">\n\t\t\t\t\t<div class=\"elementor-column elementor-col-100 elementor-top-column elementor-element elementor-element-1d4a8aa2\" data-id=\"1d4a8aa2\" data-element_type=\"column\" data-e-type=\"column\">\n\t\t\t<div class=\"elementor-widget-wrap elementor-element-populated\">\n\t\t\t\t\t\t<div class=\"elementor-element elementor-element-132c1cfa elementor-widget elementor-widget-heading\" data-id=\"132c1cfa\" data-element_type=\"widget\" data-e-type=\"widget\" data-widget_type=\"heading.default\">\n\t\t\t\t<div class=\"elementor-widget-container\">\n\t\t\t\t\t<h1 class=\"elementor-heading-title elementor-size-large\">Peer-reviewete Artikel<\/h1>\t\t\t\t<\/div>\n\t\t\t\t<\/div>\n\t\t\t\t\t<\/div>\n\t\t<\/div>\n\t\t\t\t\t<\/div>\n\t\t<\/section>\n\t\t\t\t<section class=\"elementor-section elementor-top-section elementor-element elementor-element-cacaa2d elementor-section-boxed elementor-section-height-default elementor-section-height-default\" data-id=\"cacaa2d\" data-element_type=\"section\" data-e-type=\"section\">\n\t\t\t\t\t\t<div class=\"elementor-container elementor-column-gap-default\">\n\t\t\t\t\t<div class=\"elementor-column elementor-col-100 elementor-top-column elementor-element elementor-element-36d12ca\" data-id=\"36d12ca\" data-element_type=\"column\" data-e-type=\"column\">\n\t\t\t<div class=\"elementor-widget-wrap elementor-element-populated\">\n\t\t\t\t\t\t<div class=\"elementor-element elementor-element-30fdf29 elementor-widget elementor-widget-text-editor\" data-id=\"30fdf29\" data-element_type=\"widget\" data-e-type=\"widget\" data-widget_type=\"text-editor.default\">\n\t\t\t\t<div class=\"elementor-widget-container\">\n\t\t\t\t\t\t\t\t\t<h5>Erste Publikation im Rahmen des Projektes MaNtiS in der Zeitschrift International Journal of Nursing Studies \u2013 Advances<\/h5><p>Eggenschwiler, L.C., Moffa, G., Smith, V., Simon, M. (2025). Perinataler Betreuungsbedarf in einem terti\u00e4ren Spital \u2013 eine Zeitreihenanalyse <em>IJNS Advances. doi: <a href=\"https:\/\/doi.org\/10.1016\/j.ijnsa.2025.100299\">https:\/\/doi.org\/10.1016\/j.ijnsa.2025.100299<\/a> <\/em><\/p><p><a href=\"https:\/\/doi.org\/10.1016\/j.ijnsa.2025.100299\" target=\"_blank\" rel=\"noopener\">\u00d6ffentlich zug\u00e4nglich<\/a><\/p>\t\t\t\t\t\t\t\t<\/div>\n\t\t\t\t<\/div>\n\t\t\t\t<div class=\"elementor-element elementor-element-97920d1 elementor-widget elementor-widget-text-editor\" data-id=\"97920d1\" data-element_type=\"widget\" data-e-type=\"widget\" data-widget_type=\"text-editor.default\">\n\t\t\t\t<div class=\"elementor-widget-container\">\n\t\t\t\t\t\t\t\t\t<h5>Zusammenfassung \u2013 Perinataler Betreuungsbedarf in einem terti\u00e4ren Spital \u2013 eine Zeitreihenanalyse<\/h5><p><strong>Einleitung:<\/strong> Der chronische Personalmangel bei Pflegenden und Hebammen ist ein globales Problem. Doch aktuelle Empfehlungen zur Personalbesetzung in der Geburtshilfe geben keine Auskunft, wie man auf eine hohe Fluktuation an Betreuungsbedarf reagieren soll.  <br><strong>Methoden:<\/strong>In dieser Zeitreihenanalyse haben wir deshalb den Betreuungsbedarf auf Schicht- und Stationsebene im Vergleich zum Betreuungsangebot in einer Frauenklinik eines terti\u00e4ren Spitals untersucht.   <br><strong>Ergebnisse: <\/strong>Gesamthaft wurden 17\u2019558 F\u00e4lle eingeschlossen und 13\u2019149 Schichten \u00fcber einen Zeitraum von 4 Jahren (2019 \u2013 2022) untersucht.<br>Es zeigte sich, dass auf der Schwangerenabteilung, wie auch auf der W\u00f6chnerinnenabteilung das Betreuungsangebot den Betreuungsbedarf in den meisten Schichten angemessen abdeckte. Im Geb\u00e4rsaal jedoch fehlten in fast jeder dritten Schicht (32%) mindestens eine Hebamme, um den Betreuungsbedarf angemessen zu adressieren.<br>Damit auch die Komplexit\u00e4t der Geburten ber\u00fccksichtigt wird, haben wir in einem zweiten Schritt jeder Geburt ein Komplexit\u00e4tsgewicht zugewiesen und einen gewichteten Betreuungsbedarf berechnet. Dabei zeigte sich, dass im Geb\u00e4rsaal mehr als die H\u00e4lfte (55%) der Schichten, mindestens eine Hebamme zu wenig hatten, um den gewichteten Betreuungsbedarf abzudecken.    <br><strong>Schlussfolgerung:<\/strong> Wir konnten mit dieser Studie aufzeigen, dass j\u00e4hrliche Durchschnittswerte, wie die Anzahl Geburten pro Tag, den Betreuungsbedarf zu wenig genau abbilden. Es kommt dadurch viel zu oft vor, dass der Betreuungsbedarf das Angebot \u00fcberschreitet. <\/p>\t\t\t\t\t\t\t\t<\/div>\n\t\t\t\t<\/div>\n\t\t\t\t<div class=\"elementor-element elementor-element-9467471 elementor-widget elementor-widget-spacer\" data-id=\"9467471\" data-element_type=\"widget\" data-e-type=\"widget\" data-widget_type=\"spacer.default\">\n\t\t\t\t<div class=\"elementor-widget-container\">\n\t\t\t\t\t\t\t<div class=\"elementor-spacer\">\n\t\t\t<div class=\"elementor-spacer-inner\"><\/div>\n\t\t<\/div>\n\t\t\t\t\t\t<\/div>\n\t\t\t\t<\/div>\n\t\t\t\t\t<\/div>\n\t\t<\/div>\n\t\t\t\t\t<\/div>\n\t\t<\/section>\n\t\t\t\t<section class=\"elementor-section elementor-top-section elementor-element elementor-element-94ecff3 elementor-section-boxed elementor-section-height-default elementor-section-height-default\" data-id=\"94ecff3\" data-element_type=\"section\" data-e-type=\"section\">\n\t\t\t\t\t\t<div class=\"elementor-container elementor-column-gap-default\">\n\t\t\t\t\t<div class=\"elementor-column elementor-col-100 elementor-top-column elementor-element elementor-element-720a0d9\" data-id=\"720a0d9\" data-element_type=\"column\" data-e-type=\"column\">\n\t\t\t<div class=\"elementor-widget-wrap elementor-element-populated\">\n\t\t\t\t\t\t<div class=\"elementor-element elementor-element-86e2a4e elementor-widget elementor-widget-heading\" data-id=\"86e2a4e\" data-element_type=\"widget\" data-e-type=\"widget\" data-widget_type=\"heading.default\">\n\t\t\t\t<div class=\"elementor-widget-container\">\n\t\t\t\t\t<h1 class=\"elementor-heading-title elementor-size-large\">Nicht peer-reviewete Artikel<\/h1>\t\t\t\t<\/div>\n\t\t\t\t<\/div>\n\t\t\t\t\t<\/div>\n\t\t<\/div>\n\t\t\t\t\t<\/div>\n\t\t<\/section>\n\t\t\t\t<section class=\"elementor-section elementor-top-section elementor-element elementor-element-123b191 elementor-section-boxed elementor-section-height-default elementor-section-height-default\" data-id=\"123b191\" data-element_type=\"section\" data-e-type=\"section\">\n\t\t\t\t\t\t<div class=\"elementor-container elementor-column-gap-default\">\n\t\t\t\t\t<div class=\"elementor-column elementor-col-100 elementor-top-column elementor-element elementor-element-80c27ca\" data-id=\"80c27ca\" data-element_type=\"column\" data-e-type=\"column\">\n\t\t\t<div class=\"elementor-widget-wrap elementor-element-populated\">\n\t\t\t\t\t\t<div class=\"elementor-element elementor-element-4565d6c elementor-widget elementor-widget-text-editor\" data-id=\"4565d6c\" data-element_type=\"widget\" data-e-type=\"widget\" data-widget_type=\"text-editor.default\">\n\t\t\t\t<div class=\"elementor-widget-container\">\n\t\t\t\t\t\t\t\t\t<h5>Publikation der ersten Masterarbeit im Rahmen des Projektes MaNtiS in der Zeitschrift Obstetrica (Zeitschrift des Schweizerischen Hebammenverbandes)<\/h5><p><em>Livia Ramseier &#8211; <\/em>[<a href=\"https:\/\/obstetrica.hebamme.ch\/de\/profiles\/3f957b8ee011-obstetrica\/editions\/obstetrica-7-2024\/pages\/page\/18\" target=\"_blank\" rel=\"noopener\">Ermittlung des Hebammenbedarfs in Geburtsabteilungen<\/a>]<\/p>\t\t\t\t\t\t\t\t<\/div>\n\t\t\t\t<\/div>\n\t\t\t\t<div class=\"elementor-element elementor-element-3c3cf95 elementor-widget elementor-widget-html\" data-id=\"3c3cf95\" data-element_type=\"widget\" data-e-type=\"widget\" data-widget_type=\"html.default\">\n\t\t\t\t<div class=\"elementor-widget-container\">\n\t\t\t\t\t<object data=\"https:\/\/mantis.nursing.unibas.ch\/wp-content\/uploads\/2024\/07\/Obstetrica_7_2024_Eggenschwiler_Ramseier.pdf\" type=\"application\/pdf\" width=\"700px\" height=\"500px\">    \n<embed src=\"https:\/\/mantis.nursing.unibas.ch\/wp-content\/uploads\/2024\/07\/Obstetrica_7_2024_Eggenschwiler_Ramseier.pdf\"><\/embed>    \n<\/object>\t\t\t\t<\/div>\n\t\t\t\t<\/div>\n\t\t\t\t<div class=\"elementor-element elementor-element-1463166 elementor-widget elementor-widget-spacer\" data-id=\"1463166\" data-element_type=\"widget\" data-e-type=\"widget\" data-widget_type=\"spacer.default\">\n\t\t\t\t<div class=\"elementor-widget-container\">\n\t\t\t\t\t\t\t<div class=\"elementor-spacer\">\n\t\t\t<div class=\"elementor-spacer-inner\"><\/div>\n\t\t<\/div>\n\t\t\t\t\t\t<\/div>\n\t\t\t\t<\/div>\n\t\t\t\t\t<\/div>\n\t\t<\/div>\n\t\t\t\t\t<\/div>\n\t\t<\/section>\n\t\t\t\t<\/div>\n\t\t","protected":false},"excerpt":{"rendered":"<p>MaNtiS Publikationen Peer-reviewete Artikel Erste Publikation im Rahmen des Projektes MaNtiS in der Zeitschrift International Journal of Nursing Studies \u2013 Advances Eggenschwiler, L.C., Moffa, G., Smith, V., Simon, M. (2025). Perinataler Betreuungsbedarf in einem terti\u00e4ren Spital \u2013 eine Zeitreihenanalyse IJNS Advances. doi: https:\/\/doi.org\/10.1016\/j.ijnsa.2025.100299 \u00d6ffentlich zug\u00e4nglich Zusammenfassung \u2013 Perinataler Betreuungsbedarf in einem terti\u00e4ren Spital \u2013 eine [&hellip;]<\/p>\n","protected":false},"author":1,"featured_media":0,"parent":0,"menu_order":0,"comment_status":"closed","ping_status":"closed","template":"","meta":{"footnotes":""},"class_list":["post-611","page","type-page","status-publish","hentry"],"_links":{"self":[{"href":"https:\/\/mantis.nursing.unibas.ch\/de\/wp-json\/wp\/v2\/pages\/611","targetHints":{"allow":["GET"]}}],"collection":[{"href":"https:\/\/mantis.nursing.unibas.ch\/de\/wp-json\/wp\/v2\/pages"}],"about":[{"href":"https:\/\/mantis.nursing.unibas.ch\/de\/wp-json\/wp\/v2\/types\/page"}],"author":[{"embeddable":true,"href":"https:\/\/mantis.nursing.unibas.ch\/de\/wp-json\/wp\/v2\/users\/1"}],"replies":[{"embeddable":true,"href":"https:\/\/mantis.nursing.unibas.ch\/de\/wp-json\/wp\/v2\/comments?post=611"}],"version-history":[{"count":79,"href":"https:\/\/mantis.nursing.unibas.ch\/de\/wp-json\/wp\/v2\/pages\/611\/revisions"}],"predecessor-version":[{"id":1370,"href":"https:\/\/mantis.nursing.unibas.ch\/de\/wp-json\/wp\/v2\/pages\/611\/revisions\/1370"}],"wp:attachment":[{"href":"https:\/\/mantis.nursing.unibas.ch\/de\/wp-json\/wp\/v2\/media?parent=611"}],"curies":[{"name":"wp","href":"https:\/\/api.w.org\/{rel}","templated":true}]}}